{"id":211,"date":"2021-10-19T23:37:12","date_gmt":"2021-10-20T03:37:12","guid":{"rendered":"https:\/\/openlab.bmcc.cuny.edu\/spn106-fall-2021-lomask\/?page_id=211"},"modified":"2024-11-06T10:08:20","modified_gmt":"2024-11-06T15:08:20","slug":"midterm-y-final","status":"publish","type":"page","link":"https:\/\/openlab.bmcc.cuny.edu\/prt105-fall-2024\/midterm-y-final\/","title":{"rendered":"Midterm : Orfeu Negro"},"content":{"rendered":"\n<h2 class=\"wp-block-heading\">Projeto de primeiro tempo (Midterm)<\/h2>\n\n\n\n<p><a href=\"https:\/\/youtu.be\/nVkDfnGobmI?si=BVZ7s2Vs9Tg45k0J\" target=\"_blank\" rel=\"noreferrer noopener\">Manh\u00e3 de Carnaval + Cenas do filme<\/a><\/p>\n\n\n\n<ol class=\"wp-block-list\">\n<li>Make sure you have created a Kanopy account. You must access through the BMCC Library. For instructions on how to set up your Kanopy account, watch the step-by-step video below.<br><\/li>\n\n\n\n<li>Watch <em>Orfeu negro<\/em> on Kanopy: <a href=\"https:\/\/www.kanopy.com\/en\/bmcccuny\/watch\/video\/127172\" data-type=\"link\" data-id=\"https:\/\/www.kanopy.com\/en\/bmcccuny\/watch\/video\/127172\" target=\"_blank\" rel=\"noreferrer noopener\">Black Orpheus complete<\/a> . Please note, watching this film is REQUIRED, regardless of what option you choose for the Midterm Project.<\/li>\n<\/ol>\n\n\n\n<figure class=\"wp-block-embed is-type-video is-provider-youtube wp-block-embed-youtube wp-embed-aspect-16-9 wp-has-aspect-ratio\"><div class=\"wp-block-embed__wrapper\">\n<iframe loading=\"lazy\" title=\"Kanopy Account\" width=\"525\" height=\"295\" src=\"https:\/\/www.youtube.com\/embed\/oOlixiibNNE?feature=oembed\" frameborder=\"0\" allow=\"accelerometer; autoplay; clipboard-write; encrypted-media; gyroscope; picture-in-picture; web-share\" referrerpolicy=\"strict-origin-when-cross-origin\" allowfullscreen><\/iframe>\n<\/div><\/figure>\n\n\n\n<h2 class=\"wp-block-heading\">Midterm Project Options<\/h2>\n\n\n\n<details class=\"wp-block-details is-layout-flow wp-block-details-is-layout-flow\"><summary>Option 1:  Orfeu a pr\u00f3xima gera\u00e7\u00e3o (group project)<\/summary>\n<ol class=\"wp-block-list\">\n<li>With your group, create your own version of <em>Orfeu negro<\/em> in New York City. What elements will you keep, and what will you change? See the slides below for explanation.<br><\/li>\n\n\n\n<li>Record the video in a Zoom session with a slide show\/screen share for images. <br>Send me the video via WeTransfer, WhatsApp, or YouTube link. <\/li>\n<\/ol>\n<\/details>\n\n\n\n<details class=\"wp-block-details is-layout-flow wp-block-details-is-layout-flow\"><summary>Option 2: Uma hist\u00f3ria do Orfeu  <\/summary>\n<p>Write a short story of 150 words max based on the movie Orfeu Negro. You can narrate a scene from the movie or write a version of Orfeu in NYC. Only use the present tense!<br><\/p>\n<\/details>\n\n\n\n<p><\/p>\n\n\n\n<p>SUBMIT YOUR PROJECT HERE: <a href=\"https:\/\/openlab.bmcc.cuny.edu\/prt105-fall-2024\/2024\/04\/02\/midterm-submission\/\" data-type=\"link\" data-id=\"https:\/\/openlab.bmcc.cuny.edu\/prt105-spring-2024\/2024\/04\/02\/midterm-submission\/\">Midterm Submissions<\/a><\/p>\n\n\n\n<figure class=\"wp-block-image size-large\"><img loading=\"lazy\" decoding=\"async\" width=\"1024\" height=\"576\" src=\"https:\/\/openlab.bmcc.cuny.edu\/prt105-fall-2023\/wp-content\/uploads\/sites\/3297\/2023\/10\/Captura-de-Tela-12-1024x576.png\" alt=\"\" class=\"wp-image-837\" srcset=\"https:\/\/openlab.bmcc.cuny.edu\/prt105-fall-2024\/wp-content\/uploads\/sites\/3893\/2023\/10\/Captura-de-Tela-12-1024x576.png 1024w, https:\/\/openlab.bmcc.cuny.edu\/prt105-fall-2024\/wp-content\/uploads\/sites\/3893\/2023\/10\/Captura-de-Tela-12-300x169.png 300w, https:\/\/openlab.bmcc.cuny.edu\/prt105-fall-2024\/wp-content\/uploads\/sites\/3893\/2023\/10\/Captura-de-Tela-12-768x432.png 768w, https:\/\/openlab.bmcc.cuny.edu\/prt105-fall-2024\/wp-content\/uploads\/sites\/3893\/2023\/10\/Captura-de-Tela-12-1536x864.png 1536w, https:\/\/openlab.bmcc.cuny.edu\/prt105-fall-2024\/wp-content\/uploads\/sites\/3893\/2023\/10\/Captura-de-Tela-12.png 1920w\" sizes=\"auto, (max-width: 767px) 89vw, (max-width: 1000px) 54vw, (max-width: 1071px) 543px, 580px\" \/><\/figure>\n\n\n\n<figure class=\"wp-block-image size-large\"><img loading=\"lazy\" decoding=\"async\" width=\"1024\" height=\"576\" src=\"https:\/\/openlab.bmcc.cuny.edu\/prt105-fall-2023\/wp-content\/uploads\/sites\/3297\/2023\/10\/Captura-de-Tela-13-1024x576.png\" alt=\"\" class=\"wp-image-838\" srcset=\"https:\/\/openlab.bmcc.cuny.edu\/prt105-fall-2024\/wp-content\/uploads\/sites\/3893\/2023\/10\/Captura-de-Tela-13-1024x576.png 1024w, https:\/\/openlab.bmcc.cuny.edu\/prt105-fall-2024\/wp-content\/uploads\/sites\/3893\/2023\/10\/Captura-de-Tela-13-300x169.png 300w, https:\/\/openlab.bmcc.cuny.edu\/prt105-fall-2024\/wp-content\/uploads\/sites\/3893\/2023\/10\/Captura-de-Tela-13-768x432.png 768w, https:\/\/openlab.bmcc.cuny.edu\/prt105-fall-2024\/wp-content\/uploads\/sites\/3893\/2023\/10\/Captura-de-Tela-13-1536x864.png 1536w, https:\/\/openlab.bmcc.cuny.edu\/prt105-fall-2024\/wp-content\/uploads\/sites\/3893\/2023\/10\/Captura-de-Tela-13.png 1920w\" sizes=\"auto, (max-width: 767px) 89vw, (max-width: 1000px) 54vw, (max-width: 1071px) 543px, 580px\" \/><\/figure>\n","protected":false},"excerpt":{"rendered":"<p>Projeto de primeiro tempo (Midterm) Manh\u00e3 de Carnaval + Cenas do filme Midterm Project Options SUBMIT YOUR PROJECT HERE: Midterm Submissions<\/p>\n","protected":false},"author":1630,"featured_media":0,"parent":0,"menu_order":0,"comment_status":"closed","ping_status":"closed","template":"","meta":{"portfolio_post_id":0,"portfolio_citation":"","portfolio_annotation":"","openlab_post_visibility":"","footnotes":""},"class_list":["post-211","page","type-page","status-publish","hentry"],"_links":{"self":[{"href":"https:\/\/openlab.bmcc.cuny.edu\/prt105-fall-2024\/wp-json\/wp\/v2\/pages\/211","targetHints":{"allow":["GET"]}}],"collection":[{"href":"https:\/\/openlab.bmcc.cuny.edu\/prt105-fall-2024\/wp-json\/wp\/v2\/pages"}],"about":[{"href":"https:\/\/openlab.bmcc.cuny.edu\/prt105-fall-2024\/wp-json\/wp\/v2\/types\/page"}],"author":[{"embeddable":true,"href":"https:\/\/openlab.bmcc.cuny.edu\/prt105-fall-2024\/wp-json\/wp\/v2\/users\/1630"}],"replies":[{"embeddable":true,"href":"https:\/\/openlab.bmcc.cuny.edu\/prt105-fall-2024\/wp-json\/wp\/v2\/comments?post=211"}],"version-history":[{"count":27,"href":"https:\/\/openlab.bmcc.cuny.edu\/prt105-fall-2024\/wp-json\/wp\/v2\/pages\/211\/revisions"}],"predecessor-version":[{"id":1329,"href":"https:\/\/openlab.bmcc.cuny.edu\/prt105-fall-2024\/wp-json\/wp\/v2\/pages\/211\/revisions\/1329"}],"wp:attachment":[{"href":"https:\/\/openlab.bmcc.cuny.edu\/prt105-fall-2024\/wp-json\/wp\/v2\/media?parent=211"}],"curies":[{"name":"wp","href":"https:\/\/api.w.org\/{rel}","templated":true}]}}