{"id":18,"date":"2019-08-16T16:37:26","date_gmt":"2019-08-16T16:37:26","guid":{"rendered":"https:\/\/openlab.bmcc.cuny.edu\/spn106-fall-2021-lomask\/?page_id=18"},"modified":"2024-08-28T00:50:59","modified_gmt":"2024-08-28T04:50:59","slug":"about-this-class","status":"publish","type":"page","link":"https:\/\/openlab.bmcc.cuny.edu\/prt105-fall-2024\/about-this-class\/","title":{"rendered":"Nossa aula"},"content":{"rendered":"\n<p><strong>Temos aula duas vezes por semana por Zoom:<\/strong><\/p>\n\n\n\n<p>Meeting ID: 386 869 3159<\/p>\n\n\n\n<p><strong>Tambi\u00e9n tem uma hora de laborat\u00f3rio em Blackboard.<\/strong><\/p>\n\n\n\n<p><strong>A participa\u00e7\u00e3o na aula \u00e9 fundamental \ud83d\ude42<\/strong><\/p>\n\n\n\n<p><\/p>\n","protected":false},"excerpt":{"rendered":"<p>Temos aula duas vezes por semana por Zoom: Meeting ID: 386 869 3159 Tambi\u00e9n tem uma hora de laborat\u00f3rio em Blackboard. A participa\u00e7\u00e3o na aula \u00e9 fundamental \ud83d\ude42<\/p>\n","protected":false},"author":1630,"featured_media":0,"parent":0,"menu_order":0,"comment_status":"closed","ping_status":"closed","template":"","meta":{"portfolio_post_id":0,"portfolio_citation":"","portfolio_annotation":"","openlab_post_visibility":"","footnotes":""},"class_list":["post-18","page","type-page","status-publish","hentry"],"_links":{"self":[{"href":"https:\/\/openlab.bmcc.cuny.edu\/prt105-fall-2024\/wp-json\/wp\/v2\/pages\/18","targetHints":{"allow":["GET"]}}],"collection":[{"href":"https:\/\/openlab.bmcc.cuny.edu\/prt105-fall-2024\/wp-json\/wp\/v2\/pages"}],"about":[{"href":"https:\/\/openlab.bmcc.cuny.edu\/prt105-fall-2024\/wp-json\/wp\/v2\/types\/page"}],"author":[{"embeddable":true,"href":"https:\/\/openlab.bmcc.cuny.edu\/prt105-fall-2024\/wp-json\/wp\/v2\/users\/1630"}],"replies":[{"embeddable":true,"href":"https:\/\/openlab.bmcc.cuny.edu\/prt105-fall-2024\/wp-json\/wp\/v2\/comments?post=18"}],"version-history":[{"count":3,"href":"https:\/\/openlab.bmcc.cuny.edu\/prt105-fall-2024\/wp-json\/wp\/v2\/pages\/18\/revisions"}],"predecessor-version":[{"id":1152,"href":"https:\/\/openlab.bmcc.cuny.edu\/prt105-fall-2024\/wp-json\/wp\/v2\/pages\/18\/revisions\/1152"}],"wp:attachment":[{"href":"https:\/\/openlab.bmcc.cuny.edu\/prt105-fall-2024\/wp-json\/wp\/v2\/media?parent=18"}],"curies":[{"name":"wp","href":"https:\/\/api.w.org\/{rel}","templated":true}]}}