{"id":415,"date":"2023-11-01T12:18:36","date_gmt":"2023-11-01T16:18:36","guid":{"rendered":"https:\/\/openlab.bmcc.cuny.edu\/acentos-latinos\/?page_id=415"},"modified":"2023-11-01T12:18:37","modified_gmt":"2023-11-01T16:18:37","slug":"num-9-ano-vii-otono-2011","status":"publish","type":"page","link":"https:\/\/openlab.bmcc.cuny.edu\/acentos-latinos\/num-9-ano-vii-otono-2011\/","title":{"rendered":"N\u00fam. 9. A\u00f1o VII Oto\u00f1o 2011"},"content":{"rendered":"\n<figure class=\"wp-block-embed is-type-rich is-provider-issuu wp-block-embed-issuu\"><div class=\"wp-block-embed__wrapper\">\n<div data-url=\"https:\/\/issuu.com\/acentoslatinos9\/docs\/acentoslatino_num9_imprenta\" style=\"width: 1505px; height: 974px;\" class=\"issuuembed\"><\/div><script type=\"text\/javascript\" src=\"\/\/e.issuu.com\/embed.js\" async=\"true\"><\/script>\n<\/div><\/figure>\n","protected":false},"excerpt":{"rendered":"","protected":false},"author":214,"featured_media":0,"parent":0,"menu_order":0,"comment_status":"closed","ping_status":"closed","template":"","meta":{"portfolio_post_id":0,"portfolio_citation":"","portfolio_annotation":"","openlab_post_visibility":"","footnotes":""},"class_list":["post-415","page","type-page","status-publish","hentry"],"_links":{"self":[{"href":"https:\/\/openlab.bmcc.cuny.edu\/acentos-latinos\/wp-json\/wp\/v2\/pages\/415","targetHints":{"allow":["GET"]}}],"collection":[{"href":"https:\/\/openlab.bmcc.cuny.edu\/acentos-latinos\/wp-json\/wp\/v2\/pages"}],"about":[{"href":"https:\/\/openlab.bmcc.cuny.edu\/acentos-latinos\/wp-json\/wp\/v2\/types\/page"}],"author":[{"embeddable":true,"href":"https:\/\/openlab.bmcc.cuny.edu\/acentos-latinos\/wp-json\/wp\/v2\/users\/214"}],"replies":[{"embeddable":true,"href":"https:\/\/openlab.bmcc.cuny.edu\/acentos-latinos\/wp-json\/wp\/v2\/comments?post=415"}],"version-history":[{"count":1,"href":"https:\/\/openlab.bmcc.cuny.edu\/acentos-latinos\/wp-json\/wp\/v2\/pages\/415\/revisions"}],"predecessor-version":[{"id":416,"href":"https:\/\/openlab.bmcc.cuny.edu\/acentos-latinos\/wp-json\/wp\/v2\/pages\/415\/revisions\/416"}],"wp:attachment":[{"href":"https:\/\/openlab.bmcc.cuny.edu\/acentos-latinos\/wp-json\/wp\/v2\/media?parent=415"}],"curies":[{"name":"wp","href":"https:\/\/api.w.org\/{rel}","templated":true}]}}